{"id":444,"date":"2019-11-01T10:05:58","date_gmt":"2019-11-01T10:05:58","guid":{"rendered":"http:\/\/demo.athemes.com\/sydney-redesign\/?page_id=444"},"modified":"2021-02-22T22:20:19","modified_gmt":"2021-02-22T21:20:19","slug":"contact","status":"publish","type":"page","link":"https:\/\/www.mgexecutiveconsulting.com\/en\/contact\/","title":{"rendered":"Contact"},"content":{"rendered":"<div data-elementor-type=\"wp-page\" data-elementor-id=\"444\" class=\"elementor elementor-444\">\n\t\t\t\t\t\t<div class=\"elementor-inner\">\n\t\t\t\t<div class=\"elementor-section-wrap\">\n\t\t\t\t\t\t\t\t\t<section class=\"elementor-section elementor-top-section elementor-element elementor-element-1d75de5 elementor-section-stretched elementor-section-boxed elementor-section-height-default elementor-section-height-default\" data-id=\"1d75de5\" data-element_type=\"section\" data-settings=\"{&quot;background_background&quot;:&quot;classic&quot;,&quot;stretch_section&quot;:&quot;section-stretched&quot;}\">\n\t\t\t\t\t\t<div class=\"elementor-container elementor-column-gap-default\">\n\t\t\t\t\t\t\t<div class=\"elementor-row\">\n\t\t\t\t\t<div class=\"elementor-column elementor-col-100 elementor-top-column elementor-element elementor-element-897b7cf\" data-id=\"897b7cf\" data-element_type=\"column\" data-settings=\"{&quot;background_background&quot;:&quot;classic&quot;}\">\n\t\t\t<div class=\"elementor-column-wrap elementor-element-populated\">\n\t\t\t\t\t\t\t<div class=\"elementor-widget-wrap\">\n\t\t\t\t\t\t<div class=\"elementor-element elementor-element-a70ec3c elementor-widget elementor-widget-heading\" data-id=\"a70ec3c\" data-element_type=\"widget\" data-widget_type=\"heading.default\">\n\t\t\t\t<div class=\"elementor-widget-container\">\n\t\t\t<h3 class=\"elementor-heading-title elementor-size-large\">Contact us<\/h3>\t\t<\/div>\n\t\t\t\t<\/div>\n\t\t\t\t<section class=\"elementor-section elementor-inner-section elementor-element elementor-element-1cded43 elementor-section-boxed elementor-section-height-default elementor-section-height-default\" data-id=\"1cded43\" data-element_type=\"section\">\n\t\t\t\t\t\t<div class=\"elementor-container elementor-column-gap-default\">\n\t\t\t\t\t\t\t<div class=\"elementor-row\">\n\t\t\t\t\t<div class=\"elementor-column elementor-col-100 elementor-inner-column elementor-element elementor-element-4e5f30a\" data-id=\"4e5f30a\" data-element_type=\"column\">\n\t\t\t<div class=\"elementor-column-wrap elementor-element-populated\">\n\t\t\t\t\t\t\t<div class=\"elementor-widget-wrap\">\n\t\t\t\t\t\t<div class=\"elementor-element elementor-element-5e9e7bb elementor-widget elementor-widget-heading\" data-id=\"5e9e7bb\" data-element_type=\"widget\" data-widget_type=\"heading.default\">\n\t\t\t\t<div class=\"elementor-widget-container\">\n\t\t\t<h2 class=\"elementor-heading-title elementor-size-default\"><div role=\"form\" class=\"wpcf7\" id=\"wpcf7-f2814-o1\" lang=\"fr-FR\" dir=\"ltr\">\n<div class=\"screen-reader-response\"><p role=\"status\" aria-live=\"polite\" aria-atomic=\"true\"><\/p> <ul><\/ul><\/div>\n<form action=\"\/en\/wp-json\/wp\/v2\/pages\/444#wpcf7-f2814-o1\" method=\"post\" class=\"wpcf7-form init\" novalidate=\"novalidate\" data-status=\"init\" data-trp-original-action=\"\/en\/wp-json\/wp\/v2\/pages\/444#wpcf7-f2814-o1\">\n<div style=\"display: none;\">\n<input type=\"hidden\" name=\"_wpcf7\" value=\"2814\" \/>\n<input type=\"hidden\" name=\"_wpcf7_version\" value=\"5.3.2\" \/>\n<input type=\"hidden\" name=\"_wpcf7_locale\" value=\"fr_FR\" \/>\n<input type=\"hidden\" name=\"_wpcf7_unit_tag\" value=\"wpcf7-f2814-o1\" \/>\n<input type=\"hidden\" name=\"_wpcf7_container_post\" value=\"0\" \/>\n<input type=\"hidden\" name=\"_wpcf7_posted_data_hash\" value=\"\" \/>\n<input type=\"hidden\" name=\"_wpcf7_recaptcha_response\" value=\"\" \/>\n<\/div>\n<p><label> Last name \/ First name *<br \/>\n    <span class=\"wpcf7-form-control-wrap your-name\"><input type=\"text\" name=\"your-name\" value=\"\" size=\"40\" class=\"wpcf7-form-control wpcf7-text wpcf7-validates-as-required\" aria-required=\"true\" aria-invalid=\"false\" \/><\/span> <\/label><\/p>\n<p><label> E-mail *<br \/>\n    <span class=\"wpcf7-form-control-wrap your-email\"><input type=\"email\" name=\"your-email\" value=\"\" size=\"40\" class=\"wpcf7-form-control wpcf7-text wpcf7-email wpcf7-validates-as-required wpcf7-validates-as-email\" aria-required=\"true\" aria-invalid=\"false\" \/><\/span> <\/label><\/p>\n<p><label> I am interested in *<br \/>\n<span class=\"wpcf7-form-control-wrap Je-souhaite\"><span class=\"wpcf7-form-control wpcf7-checkbox wpcf7-validates-as-required\"><span class=\"wpcf7-list-item first\"><input type=\"checkbox\" name=\"Je-souhaite[]\" value=\"Devis\" \/><span class=\"wpcf7-list-item-label\">Offer<\/span><\/span><span class=\"wpcf7-list-item\"><input type=\"checkbox\" name=\"Je-souhaite[]\" value=\"Demande d&#039;info\" \/><span class=\"wpcf7-list-item-label\">Information<\/span><\/span><span class=\"wpcf7-list-item\"><input type=\"checkbox\" name=\"Je-souhaite[]\" value=\"Etre contact\u00e9\" \/><span class=\"wpcf7-list-item-label\">To be contacted<\/span><\/span><span class=\"wpcf7-list-item last\"><input type=\"checkbox\" name=\"Je-souhaite[]\" value=\"Autre\" \/><span class=\"wpcf7-list-item-label\">Other<\/span><\/span><\/span><\/span><\/p>\n<p><label> My request is for *<br \/>\n<span class=\"wpcf7-form-control-wrap Ma-demande-porte-sur\"><span class=\"wpcf7-form-control wpcf7-checkbox wpcf7-validates-as-required\"><span class=\"wpcf7-list-item first\"><input type=\"checkbox\" name=\"Ma-demande-porte-sur[]\" value=\"l&#039;Automobile\" \/><span class=\"wpcf7-list-item-label\">Automotive<\/span><\/span><span class=\"wpcf7-list-item\"><input type=\"checkbox\" name=\"Ma-demande-porte-sur[]\" value=\"le Coaching Entreprise\/Startup\" \/><span class=\"wpcf7-list-item-label\">Business \/ Startup Coaching<\/span><\/span><span class=\"wpcf7-list-item last\"><input type=\"checkbox\" name=\"Ma-demande-porte-sur[]\" value=\"le Coaching individuel pour emploi\" \/><span class=\"wpcf7-list-item-label\">Individual Coaching for Employment<\/span><\/span><\/span><\/span><\/p>\n<p><label> I am *<br \/>\n<span class=\"wpcf7-form-control-wrap je-suis\"><span class=\"wpcf7-form-control wpcf7-checkbox wpcf7-validates-as-required\"><span class=\"wpcf7-list-item first\"><input type=\"checkbox\" name=\"je-suis[]\" value=\"une entreprise\" \/><span class=\"wpcf7-list-item-label\">A company<\/span><\/span><span class=\"wpcf7-list-item\"><input type=\"checkbox\" name=\"je-suis[]\" value=\"un particulier\" \/><span class=\"wpcf7-list-item-label\">An individual<\/span><\/span><span class=\"wpcf7-list-item\"><input type=\"checkbox\" name=\"je-suis[]\" value=\"une \u00e9cole\" \/><span class=\"wpcf7-list-item-label\">A school<\/span><\/span><span class=\"wpcf7-list-item last\"><input type=\"checkbox\" name=\"je-suis[]\" value=\"autre\" \/><span class=\"wpcf7-list-item-label\">Other<\/span><\/span><\/span><\/span><\/p>\n<p><label> Object *<br \/>\n    <span class=\"wpcf7-form-control-wrap your-subject\"><input type=\"text\" name=\"your-subject\" value=\"\" size=\"40\" class=\"wpcf7-form-control wpcf7-text wpcf7-validates-as-required\" aria-required=\"true\" aria-invalid=\"false\" \/><\/span> <\/label><\/p>\n<p><label> Message *<br \/>\n    <span class=\"wpcf7-form-control-wrap your-message\"><textarea name=\"your-message\" cols=\"40\" rows=\"10\" class=\"wpcf7-form-control wpcf7-textarea\" aria-invalid=\"false\"><\/textarea><\/span> <\/label><\/p>\n<p><input type=\"submit\" value=\"SEND\" class=\"wpcf7-form-control wpcf7-submit\" \/><\/p>\n<input\n                    class=\"apbct_special_field apbct_email_id__wp_contact_form_7\"\n                    name=\"apbct__email_id__wp_contact_form_7\"\n                    aria-label=\"apbct__label_id__wp_contact_form_7\"\n                    type=\"text\" size=\"30\" maxlength=\"200\" autocomplete=\"off\"\n                    value=\"\"\n                \/><div class=\"wpcf7-response-output\" aria-hidden=\"true\"><\/div><input type=\"hidden\" name=\"trp-form-language\" value=\"en\"\/><\/form><\/div><\/h2>\t\t<\/div>\n\t\t\t\t<\/div>\n\t\t\t\t\t\t<\/div>\n\t\t\t\t\t<\/div>\n\t\t<\/div>\n\t\t\t\t\t\t\t\t<\/div>\n\t\t\t\t\t<\/div>\n\t\t<\/section>\n\t\t\t\t<div class=\"elementor-element elementor-element-d4c63b6 elementor-widget-divider--view-line elementor-widget elementor-widget-divider\" data-id=\"d4c63b6\" data-element_type=\"widget\" data-widget_type=\"divider.default\">\n\t\t\t\t<div class=\"elementor-widget-container\">\n\t\t\t\t\t<div class=\"elementor-divider\">\n\t\t\t<span class=\"elementor-divider-separator\">\n\t\t\t\t\t\t<\/span>\n\t\t<\/div>\n\t\t\t\t<\/div>\n\t\t\t\t<\/div>\n\t\t\t\t<section class=\"elementor-section elementor-inner-section elementor-element elementor-element-8dbf63d elementor-section-boxed elementor-section-height-default elementor-section-height-default\" data-id=\"8dbf63d\" data-element_type=\"section\">\n\t\t\t\t\t\t<div class=\"elementor-container elementor-column-gap-default\">\n\t\t\t\t\t\t\t<div class=\"elementor-row\">\n\t\t\t\t\t<div class=\"elementor-column elementor-col-50 elementor-inner-column elementor-element elementor-element-4c80c89\" data-id=\"4c80c89\" data-element_type=\"column\">\n\t\t\t<div class=\"elementor-column-wrap elementor-element-populated\">\n\t\t\t\t\t\t\t<div class=\"elementor-widget-wrap\">\n\t\t\t\t\t\t<div class=\"elementor-element elementor-element-4ebd186 elementor-view-default elementor-mobile-position-top elementor-vertical-align-top elementor-widget elementor-widget-icon-box\" data-id=\"4ebd186\" data-element_type=\"widget\" data-widget_type=\"icon-box.default\">\n\t\t\t\t<div class=\"elementor-widget-container\">\n\t\t\t\t\t<div class=\"elementor-icon-box-wrapper\">\n\t\t\t\t\t\t<div class=\"elementor-icon-box-icon\">\n\t\t\t\t<a class=\"elementor-icon elementor-animation-\" href=\"tel:+33766024795\">\n\t\t\t\t<i aria-hidden=\"true\" class=\"fas fa-phone\"><\/i>\t\t\t\t<\/a>\n\t\t\t<\/div>\n\t\t\t\t\t\t<div class=\"elementor-icon-box-content\">\n\t\t\t\t<h3 class=\"elementor-icon-box-title\">\n\t\t\t\t\t<a href=\"tel:+33766024795\" >\n\t\t\t\t\t\t+33 7 66 02 47 95\t\t\t\t\t<\/a>\n\t\t\t\t<\/h3>\n\t\t\t\t\t\t\t<\/div>\n\t\t<\/div>\n\t\t\t\t<\/div>\n\t\t\t\t<\/div>\n\t\t\t\t\t\t<\/div>\n\t\t\t\t\t<\/div>\n\t\t<\/div>\n\t\t\t\t<div class=\"elementor-column elementor-col-50 elementor-inner-column elementor-element elementor-element-53066b9\" data-id=\"53066b9\" data-element_type=\"column\">\n\t\t\t<div class=\"elementor-column-wrap elementor-element-populated\">\n\t\t\t\t\t\t\t<div class=\"elementor-widget-wrap\">\n\t\t\t\t\t\t<div class=\"elementor-element elementor-element-b6eff49 elementor-view-default elementor-mobile-position-top elementor-vertical-align-top elementor-widget elementor-widget-icon-box\" data-id=\"b6eff49\" data-element_type=\"widget\" data-widget_type=\"icon-box.default\">\n\t\t\t\t<div class=\"elementor-widget-container\">\n\t\t\t\t\t<div class=\"elementor-icon-box-wrapper\">\n\t\t\t\t\t\t<div class=\"elementor-icon-box-icon\">\n\t\t\t\t<a class=\"elementor-icon elementor-animation-\" href=\"mailto:contact@mgexecutiveconsulting.com\">\n\t\t\t\t<i aria-hidden=\"true\" class=\"fas fa-envelope\"><\/i>\t\t\t\t<\/a>\n\t\t\t<\/div>\n\t\t\t\t\t\t<div class=\"elementor-icon-box-content\">\n\t\t\t\t<h3 class=\"elementor-icon-box-title\">\n\t\t\t\t\t<a href=\"mailto:contact@mgexecutiveconsulting.com\" >\n\t\t\t\t\t\tcontact@mgexecutiveconsulting.com\t\t\t\t\t<\/a>\n\t\t\t\t<\/h3>\n\t\t\t\t\t\t\t<\/div>\n\t\t<\/div>\n\t\t\t\t<\/div>\n\t\t\t\t<\/div>\n\t\t\t\t\t\t<\/div>\n\t\t\t\t\t<\/div>\n\t\t<\/div>\n\t\t\t\t\t\t\t\t<\/div>\n\t\t\t\t\t<\/div>\n\t\t<\/section>\n\t\t\t\t<section class=\"elementor-section elementor-inner-section elementor-element elementor-element-0b61465 elementor-section-boxed elementor-section-height-default elementor-section-height-default\" data-id=\"0b61465\" data-element_type=\"section\">\n\t\t\t\t\t\t<div class=\"elementor-container elementor-column-gap-default\">\n\t\t\t\t\t\t\t<div class=\"elementor-row\">\n\t\t\t\t\t<div class=\"elementor-column elementor-col-50 elementor-inner-column elementor-element elementor-element-941a6d1\" data-id=\"941a6d1\" data-element_type=\"column\">\n\t\t\t<div class=\"elementor-column-wrap elementor-element-populated\">\n\t\t\t\t\t\t\t<div class=\"elementor-widget-wrap\">\n\t\t\t\t\t\t<div class=\"elementor-element elementor-element-76f03de elementor-widget elementor-widget-text-editor\" data-id=\"76f03de\" data-element_type=\"widget\" data-widget_type=\"text-editor.default\">\n\t\t\t\t<div class=\"elementor-widget-container\">\n\t\t\t\t\t\t\t\t<div class=\"elementor-text-editor elementor-clearfix\">\n\t\t\t\t<p>9am =&gt; 6pm (CET)<\/p>\t\t\t\t\t<\/div>\n\t\t\t\t\t\t<\/div>\n\t\t\t\t<\/div>\n\t\t\t\t\t\t<\/div>\n\t\t\t\t\t<\/div>\n\t\t<\/div>\n\t\t\t\t<div class=\"elementor-column elementor-col-50 elementor-inner-column elementor-element elementor-element-79bcb09\" data-id=\"79bcb09\" data-element_type=\"column\">\n\t\t\t<div class=\"elementor-column-wrap elementor-element-populated\">\n\t\t\t\t\t\t\t<div class=\"elementor-widget-wrap\">\n\t\t\t\t\t\t<div class=\"elementor-element elementor-element-0ad5f06 elementor-widget elementor-widget-text-editor\" data-id=\"0ad5f06\" data-element_type=\"widget\" data-widget_type=\"text-editor.default\">\n\t\t\t\t<div class=\"elementor-widget-container\">\n\t\t\t\t\t\t\t\t<div class=\"elementor-text-editor elementor-clearfix\">\n\t\t\t\t<p>Please let us know the nature of your request and your contact details. <br>We will answer you as soon as possible.<br>Thank you for your trust.<\/p>\t\t\t\t\t<\/div>\n\t\t\t\t\t\t<\/div>\n\t\t\t\t<\/div>\n\t\t\t\t\t\t<\/div>\n\t\t\t\t\t<\/div>\n\t\t<\/div>\n\t\t\t\t\t\t\t\t<\/div>\n\t\t\t\t\t<\/div>\n\t\t<\/section>\n\t\t\t\t<div class=\"elementor-element elementor-element-83ae2ac elementor-widget elementor-widget-spacer\" data-id=\"83ae2ac\" data-element_type=\"widget\" data-widget_type=\"spacer.default\">\n\t\t\t\t<div class=\"elementor-widget-container\">\n\t\t\t\t\t<div class=\"elementor-spacer\">\n\t\t\t<div class=\"elementor-spacer-inner\"><\/div>\n\t\t<\/div>\n\t\t\t\t<\/div>\n\t\t\t\t<\/div>\n\t\t\t\t<div class=\"elementor-element elementor-element-3188560 elementor-widget-divider--view-line elementor-widget elementor-widget-divider\" data-id=\"3188560\" data-element_type=\"widget\" data-widget_type=\"divider.default\">\n\t\t\t\t<div class=\"elementor-widget-container\">\n\t\t\t\t\t<div class=\"elementor-divider\">\n\t\t\t<span class=\"elementor-divider-separator\">\n\t\t\t\t\t\t<\/span>\n\t\t<\/div>\n\t\t\t\t<\/div>\n\t\t\t\t<\/div>\n\t\t\t\t<div class=\"elementor-element elementor-element-53fba19 elementor-widget elementor-widget-spacer\" data-id=\"53fba19\" data-element_type=\"widget\" data-widget_type=\"spacer.default\">\n\t\t\t\t<div class=\"elementor-widget-container\">\n\t\t\t\t\t<div class=\"elementor-spacer\">\n\t\t\t<div class=\"elementor-spacer-inner\"><\/div>\n\t\t<\/div>\n\t\t\t\t<\/div>\n\t\t\t\t<\/div>\n\t\t\t\t<section class=\"elementor-section elementor-inner-section elementor-element elementor-element-3952327 elementor-section-height-min-height elementor-section-boxed elementor-section-height-default\" data-id=\"3952327\" data-element_type=\"section\">\n\t\t\t\t\t\t<div class=\"elementor-container elementor-column-gap-default\">\n\t\t\t\t\t\t\t<div class=\"elementor-row\">\n\t\t\t\t\t<div class=\"elementor-column elementor-col-100 elementor-inner-column elementor-element elementor-element-554ea5b\" data-id=\"554ea5b\" data-element_type=\"column\">\n\t\t\t<div class=\"elementor-column-wrap elementor-element-populated\">\n\t\t\t\t\t\t\t<div class=\"elementor-widget-wrap\">\n\t\t\t\t\t\t<div class=\"elementor-element elementor-element-31bba28 elementor-widget elementor-widget-google_maps\" data-id=\"31bba28\" data-element_type=\"widget\" data-widget_type=\"google_maps.default\">\n\t\t\t\t<div class=\"elementor-widget-container\">\n\t\t\t\t\t<div class=\"elementor-custom-embed\">\n\t\t\t<iframe loading=\"lazy\"\n\t\t\t\t\tsrc=\"https:\/\/maps.google.com\/maps?q=cnit%2C%20paris%2C%20France&#038;t=m&#038;z=11&#038;output=embed&#038;iwloc=near\"\n\t\t\t\t\ttitle=\"cnit, paris, France\"\n\t\t\t\t\taria-label=\"cnit, paris, France\"\n\t\t\t><\/iframe>\n\t\t<\/div>\n\t\t\t\t<\/div>\n\t\t\t\t<\/div>\n\t\t\t\t\t\t<\/div>\n\t\t\t\t\t<\/div>\n\t\t<\/div>\n\t\t\t\t\t\t\t\t<\/div>\n\t\t\t\t\t<\/div>\n\t\t<\/section>\n\t\t\t\t<section class=\"elementor-section elementor-inner-section elementor-element elementor-element-dc7732b elementor-section-boxed elementor-section-height-default elementor-section-height-default\" data-id=\"dc7732b\" data-element_type=\"section\">\n\t\t\t\t\t\t<div class=\"elementor-container elementor-column-gap-default\">\n\t\t\t\t\t\t\t<div class=\"elementor-row\">\n\t\t\t\t\t<div class=\"elementor-column elementor-col-100 elementor-inner-column elementor-element elementor-element-606ba32\" data-id=\"606ba32\" data-element_type=\"column\">\n\t\t\t<div class=\"elementor-column-wrap elementor-element-populated\">\n\t\t\t\t\t\t\t<div class=\"elementor-widget-wrap\">\n\t\t\t\t\t\t<div class=\"elementor-element elementor-element-2d3f4df elementor-widget elementor-widget-text-editor\" data-id=\"2d3f4df\" data-element_type=\"widget\" data-widget_type=\"text-editor.default\">\n\t\t\t\t<div class=\"elementor-widget-container\">\n\t\t\t\t\t\t\t\t<div class=\"elementor-text-editor elementor-clearfix\">\n\t\t\t\t<h5 style=\"text-align: center;\"><span style=\"color: #808080;\">Head office<\/span><br \/><strong><span style=\"color: #808080;\">MG Executive Consulting<\/span><\/strong><br \/><span style=\"color: #808080;\">2 RUE DES COMMERES<\/span><br \/><span style=\"color: #808080;\">78 310 COIGNIERES<\/span><br \/><span style=\"color: #808080;\">France<\/span><\/h5><h5 style=\"text-align: center;\"><span style=\"color: #808080;\">N\u00b0 Siret 891 236 952 00018 (enregistrement SIRENE\/INSEE) \u2013 Registered office in domiciliation<\/span><br \/><span style=\"color: #808080;\">Code APE 7022 Z : Business advice and other management advice <br \/><br \/><\/span><span style=\"color: #808080;\">Appointment possible in La D\u00e9fense or Paris (Post COVID)<br \/><\/span><\/h5>\t\t\t\t\t<\/div>\n\t\t\t\t\t\t<\/div>\n\t\t\t\t<\/div>\n\t\t\t\t\t\t<\/div>\n\t\t\t\t\t<\/div>\n\t\t<\/div>\n\t\t\t\t\t\t\t\t<\/div>\n\t\t\t\t\t<\/div>\n\t\t<\/section>\n\t\t\t\t\t\t<\/div>\n\t\t\t\t\t<\/div>\n\t\t<\/div>\n\t\t\t\t\t\t\t\t<\/div>\n\t\t\t\t\t<\/div>\n\t\t<\/section>\n\t\t\t\t\t\t\t\t\t<\/div>\n\t\t\t<\/div>\n\t\t\t\t\t<\/div>","protected":false},"excerpt":{"rendered":"<p>Nous Contacter +33 7 66 02 47 95 contact@mgexecutiveconsulting.com 9h00 =&gt; 18h00 (CET) Merci de nous pr\u00e9ciser la nature de votre demande ainsi que vos coordonn\u00e9es. Nous vous r\u00e9pondrons dans les meilleurs delais.Merci pour votre confiance. Si\u00e8ge social :MG Executive Consulting2 RUE DES COMMERES78 310 COIGNIERESFrance N\u00b0 Siret 891 236 952 00018 (enregistrement SIRENE\/INSEE) &#8211; Si\u00e8ge social en domiciliationCode APE [&hellip;]<\/p>\n","protected":false},"author":1,"featured_media":0,"parent":0,"menu_order":0,"comment_status":"closed","ping_status":"closed","template":"","meta":[],"yoast_head":"<!-- This site is optimized with the Yoast SEO plugin v18.4.1 - https:\/\/yoast.com\/wordpress\/plugins\/seo\/ -->\n<title>Contact - MG Executive Consulting<\/title>\n<meta name=\"robots\" content=\"index, follow, max-snippet:-1, max-image-preview:large, max-video-preview:-1\" \/>\n<link rel=\"canonical\" href=\"https:\/\/www.mgexecutiveconsulting.com\/en\/contact\/\" \/>\n<meta property=\"og:locale\" content=\"en_US\" \/>\n<meta property=\"og:type\" content=\"article\" \/>\n<meta property=\"og:title\" content=\"Contact - MG Executive Consulting\" \/>\n<meta property=\"og:description\" content=\"Nous Contacter +33 7 66 02 47 95 contact@mgexecutiveconsulting.com 9h00 =&gt; 18h00 (CET) Merci de nous pr\u00e9ciser la nature de votre demande ainsi que vos coordonn\u00e9es. Nous vous r\u00e9pondrons dans les meilleurs delais.Merci pour votre confiance. Si\u00e8ge social :MG Executive Consulting2 RUE DES COMMERES78 310 COIGNIERESFrance N\u00b0 Siret 891 236 952 00018 (enregistrement SIRENE\/INSEE) &#8211; Si\u00e8ge social en domiciliationCode APE [&hellip;]\" \/>\n<meta property=\"og:url\" content=\"https:\/\/www.mgexecutiveconsulting.com\/en\/contact\/\" \/>\n<meta property=\"og:site_name\" content=\"MG Executive Consulting\" \/>\n<meta property=\"article:modified_time\" content=\"2021-02-22T21:20:19+00:00\" \/>\n<meta name=\"twitter:card\" content=\"summary_large_image\" \/>\n<meta name=\"twitter:label1\" content=\"Est. reading time\" \/>\n\t<meta name=\"twitter:data1\" content=\"1 minute\" \/>\n<script type=\"application\/ld+json\" class=\"yoast-schema-graph\">{\"@context\":\"https:\/\/schema.org\",\"@graph\":[{\"@type\":\"WebSite\",\"@id\":\"https:\/\/www.mgexecutiveconsulting.com\/#website\",\"url\":\"https:\/\/www.mgexecutiveconsulting.com\/\",\"name\":\"MG Executive Consulting\",\"description\":\"UNIQUE OFFER FOR SEVERAL NEEDS\",\"potentialAction\":[{\"@type\":\"SearchAction\",\"target\":{\"@type\":\"EntryPoint\",\"urlTemplate\":\"https:\/\/www.mgexecutiveconsulting.com\/?s={search_term_string}\"},\"query-input\":\"required name=search_term_string\"}],\"inLanguage\":\"en-US\"},{\"@type\":\"WebPage\",\"@id\":\"https:\/\/www.mgexecutiveconsulting.com\/contact\/#webpage\",\"url\":\"https:\/\/www.mgexecutiveconsulting.com\/contact\/\",\"name\":\"Contact - MG Executive Consulting\",\"isPartOf\":{\"@id\":\"https:\/\/www.mgexecutiveconsulting.com\/#website\"},\"datePublished\":\"2019-11-01T10:05:58+00:00\",\"dateModified\":\"2021-02-22T21:20:19+00:00\",\"breadcrumb\":{\"@id\":\"https:\/\/www.mgexecutiveconsulting.com\/contact\/#breadcrumb\"},\"inLanguage\":\"en-US\",\"potentialAction\":[{\"@type\":\"ReadAction\",\"target\":[\"https:\/\/www.mgexecutiveconsulting.com\/contact\/\"]}]},{\"@type\":\"BreadcrumbList\",\"@id\":\"https:\/\/www.mgexecutiveconsulting.com\/contact\/#breadcrumb\",\"itemListElement\":[{\"@type\":\"ListItem\",\"position\":1,\"name\":\"Accueil\",\"item\":\"https:\/\/www.mgexecutiveconsulting.com\/\"},{\"@type\":\"ListItem\",\"position\":2,\"name\":\"Contact\"}]}]}<\/script>\n<!-- \/ Yoast SEO plugin. -->","yoast_head_json":{"title":"Contact - MG Executive Consulting","robots":{"index":"index","follow":"follow","max-snippet":"max-snippet:-1","max-image-preview":"max-image-preview:large","max-video-preview":"max-video-preview:-1"},"canonical":"https:\/\/www.mgexecutiveconsulting.com\/en\/contact\/","og_locale":"en_US","og_type":"article","og_title":"Contact - MG Executive Consulting","og_description":"Nous Contacter +33 7 66 02 47 95 contact@mgexecutiveconsulting.com 9h00 =&gt; 18h00 (CET) Merci de nous pr\u00e9ciser la nature de votre demande ainsi que vos coordonn\u00e9es. Nous vous r\u00e9pondrons dans les meilleurs delais.Merci pour votre confiance. Si\u00e8ge social :MG Executive Consulting2 RUE DES COMMERES78 310 COIGNIERESFrance N\u00b0 Siret 891 236 952 00018 (enregistrement SIRENE\/INSEE) &#8211; Si\u00e8ge social en domiciliationCode APE [&hellip;]","og_url":"https:\/\/www.mgexecutiveconsulting.com\/en\/contact\/","og_site_name":"MG Executive Consulting","article_modified_time":"2021-02-22T21:20:19+00:00","twitter_card":"summary_large_image","twitter_misc":{"Est. reading time":"1 minute"},"schema":{"@context":"https:\/\/schema.org","@graph":[{"@type":"WebSite","@id":"https:\/\/www.mgexecutiveconsulting.com\/#website","url":"https:\/\/www.mgexecutiveconsulting.com\/","name":"MG Executive Consulting","description":"UNIQUE OFFER FOR SEVERAL NEEDS","potentialAction":[{"@type":"SearchAction","target":{"@type":"EntryPoint","urlTemplate":"https:\/\/www.mgexecutiveconsulting.com\/?s={search_term_string}"},"query-input":"required name=search_term_string"}],"inLanguage":"en-US"},{"@type":"WebPage","@id":"https:\/\/www.mgexecutiveconsulting.com\/contact\/#webpage","url":"https:\/\/www.mgexecutiveconsulting.com\/contact\/","name":"Contact - MG Executive Consulting","isPartOf":{"@id":"https:\/\/www.mgexecutiveconsulting.com\/#website"},"datePublished":"2019-11-01T10:05:58+00:00","dateModified":"2021-02-22T21:20:19+00:00","breadcrumb":{"@id":"https:\/\/www.mgexecutiveconsulting.com\/contact\/#breadcrumb"},"inLanguage":"en-US","potentialAction":[{"@type":"ReadAction","target":["https:\/\/www.mgexecutiveconsulting.com\/contact\/"]}]},{"@type":"BreadcrumbList","@id":"https:\/\/www.mgexecutiveconsulting.com\/contact\/#breadcrumb","itemListElement":[{"@type":"ListItem","position":1,"name":"Accueil","item":"https:\/\/www.mgexecutiveconsulting.com\/"},{"@type":"ListItem","position":2,"name":"Contact"}]}]}},"_links":{"self":[{"href":"https:\/\/www.mgexecutiveconsulting.com\/en\/wp-json\/wp\/v2\/pages\/444"}],"collection":[{"href":"https:\/\/www.mgexecutiveconsulting.com\/en\/wp-json\/wp\/v2\/pages"}],"about":[{"href":"https:\/\/www.mgexecutiveconsulting.com\/en\/wp-json\/wp\/v2\/types\/page"}],"author":[{"embeddable":true,"href":"https:\/\/www.mgexecutiveconsulting.com\/en\/wp-json\/wp\/v2\/users\/1"}],"replies":[{"embeddable":true,"href":"https:\/\/www.mgexecutiveconsulting.com\/en\/wp-json\/wp\/v2\/comments?post=444"}],"version-history":[{"count":142,"href":"https:\/\/www.mgexecutiveconsulting.com\/en\/wp-json\/wp\/v2\/pages\/444\/revisions"}],"predecessor-version":[{"id":2874,"href":"https:\/\/www.mgexecutiveconsulting.com\/en\/wp-json\/wp\/v2\/pages\/444\/revisions\/2874"}],"wp:attachment":[{"href":"https:\/\/www.mgexecutiveconsulting.com\/en\/wp-json\/wp\/v2\/media?parent=444"}],"curies":[{"name":"wp","href":"https:\/\/api.w.org\/{rel}","templated":true}]}}